{"id":4692,"date":"2026-04-30T10:56:35","date_gmt":"2026-04-30T08:56:35","guid":{"rendered":"https:\/\/dataverse.lv\/pieklustamibas-pazinojums\/"},"modified":"2026-04-30T10:56:35","modified_gmt":"2026-04-30T08:56:35","slug":"pieklustamibas-pazinojums","status":"publish","type":"page","link":"https:\/\/dataverse.lv\/en\/pieklustamibas-pazinojums\/","title":{"rendered":"Piek\u013c\u016bstam\u012bbas pazi\u0146ojums"},"content":{"rendered":"<div class=\"fusion-fullwidth fullwidth-box fusion-builder-row-1 fusion-flex-container has-pattern-background has-mask-background nonhundred-percent-fullwidth non-hundred-percent-height-scrolling\" style=\"--awb-border-radius-top-left:0px;--awb-border-radius-top-right:0px;--awb-border-radius-bottom-right:0px;--awb-border-radius-bottom-left:0px;--awb-flex-wrap:wrap;\" ><div class=\"fusion-builder-row fusion-row fusion-flex-align-items-flex-start fusion-flex-content-wrap\" style=\"max-width:1248px;margin-left: calc(-4% \/ 2 );margin-right: calc(-4% \/ 2 );\"><div class=\"fusion-layout-column fusion_builder_column fusion-builder-column-0 fusion_builder_column_1_1 1_1 fusion-flex-column\" style=\"--awb-bg-size:cover;--awb-width-large:100%;--awb-margin-top-large:0px;--awb-spacing-right-large:1.92%;--awb-margin-bottom-large:20px;--awb-spacing-left-large:1.92%;--awb-width-medium:100%;--awb-order-medium:0;--awb-spacing-right-medium:1.92%;--awb-spacing-left-medium:1.92%;--awb-width-small:100%;--awb-order-small:0;--awb-spacing-right-small:1.92%;--awb-spacing-left-small:1.92%;\"><div class=\"fusion-column-wrapper fusion-column-has-shadow fusion-flex-justify-content-flex-start fusion-content-layout-column\"><div class=\"fusion-text fusion-text-1\"><h2>Piek\u013c\u016bstam\u012bbas pazi\u0146ojums<\/h2>\n<p><span id=\"a11y-institution\">Augsta\u0304ka\u0304s izgli\u0304ti\u0304bas un zina\u0304tnes informa\u0304cijas tehnolog\u0327iju koplietos\u030canas pakalpojumu centru<\/span> saska\u0146\u0101 ar Ministru kabineta 2020. gada 14. j\u016blija noteikumiem Nr. 445 &#8220;K\u0101rt\u012bba, k\u0101d\u0101 iest\u0101des ievieto inform\u0101ciju internet\u0101&#8221; (turpm\u0101k \u2013 noteikumi Nr. 445) ap\u0146emas savu <span class=\"a11y-type\"> t\u012bmek\u013cvietni<\/span> veidot piek\u013c\u016bstamu.<\/p>\n<p>\u0160is piek\u013c\u016bstam\u012bbas pazi\u0146ojums attiecas uz:<\/p>\n<p><span id=\"a11y-web-name\">Dataverse<\/span>&#8211; <span id=\"a11y-web-link\"><a href=\" https:\/\/dataverse.lv\/\" target=\"_blank\" rel=\"noopener\">https:\/\/dataverse.lv\/<\/a><\/span><\/p>\n<p><span class=\"a11y-type\">T\u012bmek\u013cvietnei<\/span> veikts <span id=\"a11y-evaluation-type\">Vienk\u0101r\u0161otais izv\u0113rt\u0113jums<\/span>. Izmantot\u0101 metode &#8211; <span id=\"a11y-method\">VARAM sagatavot\u0101s \u201cVadl\u012bnijas iest\u0101\u017eu t\u012bmek\u013cvietn\u0113m noteikto piek\u013c\u016bstam\u012bbas pras\u012bbu iev\u0113ro\u0161anas ietekmes izv\u0113rt\u0113\u0161anai un nesam\u0113r\u012bg\u0101 sloga pamato\u0161anai\u201d<\/span>.<\/p>\n<h3>Cik piek\u013c\u016bstama ir \u0161\u012b <span class=\"a11y-type\">t\u012bmek\u013cvietne<\/span>?<\/h3>\n<p><a href=\"https:\/\/dataverse.lv\/en\/\" target=\"_blank\" rel=\"noopener\">Dataverse<\/a> <span id=\"a11y-evaluation-fits\">t\u012bmek\u013cvietne da\u013c\u0113ji atbilst MK noteikumiem Nr. 445<\/span> turpm\u0101k min\u0113to iemeslu d\u0113\u013c.<\/p>\n<h4>Neatbilst\u012bba pras\u012bb\u0101m, kas min\u0113tas noteikumos Nr. 445<\/h4>\n<ul id=\"a11y-non-compliance-list\">\n<li class=\"a11y-non-compliance-item-0\">M\u0101jaslap\u0101 atsevi\u0161\u0137os gad\u012bjumos konstat\u0113ts nepietiekams teksta un fona kr\u0101su kontrasts (piem\u0113ram, virsrakst\u0101 \u201cdatu repozitorijs\u201d). Tas var apgr\u016btin\u0101t satura uztveri lietot\u0101jiem ar redzes trauc\u0113jumiem. Tiks veikti uzlabojumi, lai nodro\u0161in\u0101tu atbilsto\u0161u kontrasta l\u012bmeni.<\/li>\n<li class=\"a11y-non-compliance-item-1\">Da\u013cai sai\u0161u nav pietiekami saprotams vai apraksto\u0161s nosaukums (piem\u0113ram, elementi ar klasi fusion-modal-text-link). Tas var apgr\u016btin\u0101t navig\u0101ciju lietot\u0101jiem, kuri izmanto ekr\u0101nlas\u012bt\u0101jus. Saites tiks p\u0101rskat\u012btas un papildin\u0101tas ar skaidriem un uztveramiem nosaukumiem.<\/li>\n<\/ul>\n<p>\u0160\u012b <span class=\"a11y-type\">t\u012bmek\u013cvietne<\/span> p\u0113d\u0113jo reizi tika izv\u0113rt\u0113ta <span id=\"a11y-evaluation-date\">01.04.2026<\/span>. Izv\u0113rt\u0113\u0161anu veica <span id=\"a11y-author\">Nauris Valainis<\/span>.<\/p>\n<p>Izv\u0113rt\u0113jumu apliecino\u0161s dokuments: <a href=\"https:\/\/dataverse.lv\/wp-content\/uploads\/2026\/04\/1_pielik_izvert_vadl_excel.pdf\">Apskat\u012bt \u0161eit<\/a><\/p>\n<h3>Piek\u013c\u016bstam\u012bbas alternat\u012bvas<\/h3>\n<p><span id=\"a11y-alternatives\">Lai sa\u0146emtu saturu, kas \u0161obr\u012bd nav piek\u013c\u016bstams, cit\u0101 form\u0101t\u0101, pied\u0101v\u0101jam turpm\u0101k min\u0113t\u0101s alternat\u012bvas.Lai sa\u0146emtu saturu, kas \u0161obr\u012bd nav piek\u013c\u016bstams, cit\u0101 form\u0101t\u0101, aicin\u0101m sazin\u0101ties ar Augst\u0101k\u0101s izgl\u012bt\u012bbas un zin\u0101tnes inform\u0101cijas tehnolo\u0123iju koplieto\u0161anas pakalpojumu centru, rakstot uz e-pastu: datukuratori@vpc.lv<\/span><\/p>\n<h3>Atsauksm\u0113m un sazi\u0146ai<\/h3>\n<p>M\u0113s nep\u0101rtraukti cen\u0161amies uzlabot \u0161\u012bs <span class=\"a11y-type\">t\u012bmek\u013cvietnes<\/span> piek\u013c\u016bstam\u012bbu.<\/p>\n<p>Ja J\u016bs konstat\u0113jat k\u0101das probl\u0113mas vai nepiln\u012bbas, kas nav min\u0113tas \u0161aj\u0101 pazi\u0146ojum\u0101 vai v\u0113laties sa\u0146emt nepiek\u013c\u016bstamo saturu cit\u0101 form\u0101t\u0101, sazinieties ar mums:<\/p>\n<p>E-past\u0101: <span id=\"a11y-mail\"><a href=\"mailto:Nauris Valainis\">Nauris Valainis<\/a><\/span><\/p>\n<p>Zvaniet: <span id=\"a11y-phone\"><\/span><\/p>\n<p><span id=\"a11y-other-contacts\">Ja J\u016bs konstat\u0113jat k\u0101das probl\u0113mas vai nepiln\u012bbas, kas nav min\u0113tas \u0161aj\u0101 pazi\u0146ojum\u0101 vai v\u0113laties sa\u0146emt nepiek\u013c\u016bstamo saturu cit\u0101 form\u0101t\u0101, sazinieties ar mums:<br \/>datukuratori@vpc.lv<\/span><\/p>\n<p>M\u0113s izskat\u012bsim J\u016bsu piepras\u012bjumu un sniegsim atbildi <span id=\"a11y-time\">M\u0113s izskat\u012bsim J\u016bsu piepras\u012bjumu un sniegsim atbildi M\u0113s izskat\u012bsim J\u016bsu piepras\u012bjumu un sniegsim atbildi 7 dienu laik\u0101.<\/span>.<\/p>\n<h3>S\u016bdz\u012bbu iesnieg\u0161ana<\/h3>\n<p><span id=\"a11y-complaints\"><br \/>Par t\u012bmek\u013cvietnes piek\u013c\u016bstam\u012bbu m\u016bsu iest\u0101d\u0113 atbild\u012bga ir Nauris Valainis<\/span><\/p>\n<p>E-pasts: datukuratori@vpc.lv<\/p>\n<p>P\u0101rraugo\u0161aj\u0101 iest\u0101d\u0113 atbild\u012bgais ir <span id=\"a11y-supervisory-authority-complaints\"><\/span>.<\/p>\n<p>Ja neesam atbilsto\u0161i rea\u0123\u0113ju\u0161i uz J\u016bsu iesniegumu vai s\u016bdz\u012bbu par <span class=\"a11y-type\">t\u012bmek\u013cvietnes<\/span> satura piek\u013c\u016bstam\u012bbu, Jums ir iesp\u0113ja iesniegt s\u016bdz\u012bbu Latvijas Republikas Ties\u012bbsargam:<\/p>\n<p>Ties\u012bbsarga birojs: Bazn\u012bcas iela 25 R\u012bg\u0101, LV-1010<\/p>\n<p>T\u0101lrunis: <a href=\"tel:+37167686768\">+37167686768<\/a><\/p>\n<p>E-pasts: <a href=\"mailto:tiesibsargs@tiesibsargs.lv\">tiesibsargs@tiesibsargs.lv<\/a><\/p>\n<p><a href=\"https:\/\/www.tiesibsargs.lv\/lv\/pages\/kontaktinformacija\" target=\"_blank\" rel=\"noopener\">https:\/\/www.tiesibsargs.lv\/lv\/pages\/kontaktinformacija<\/a><\/p>\n<h3>Zi\u0146as par pazi\u0146ojuma sagatavo\u0161anu<\/h3>\n<p>\u0160is pazi\u0146ojums pirmo reizi tika sagatavots <span id=\"a11y-first-notify\">30.03.2026<\/span>un atk\u0101rtoti p\u0101rskat\u012bts <span id=\"a11y-repeated-notify\"><\/span>.<\/p>\n<p>\u0160o pazi\u0146ojumu apstiprin\u0101ja<br \/><span id=\"a11y-approved-by\">Nauris Valainis<\/span><br \/><span id=\"a11y-approved-by-jobtitle\">Sist\u0113mu administrators<\/span>.<\/p>\n<\/div><\/div><\/div><\/div><\/div>\n","protected":false},"excerpt":{"rendered":"","protected":false},"author":2,"featured_media":0,"parent":0,"menu_order":0,"comment_status":"closed","ping_status":"closed","template":"","meta":{"_price":"","_stock":"","_tribe_ticket_header":"","_tribe_default_ticket_provider":"","_tribe_ticket_capacity":"0","_ticket_start_date":"","_ticket_end_date":"","_tribe_ticket_show_description":"","_tribe_ticket_show_not_going":false,"_tribe_ticket_use_global_stock":"","_tribe_ticket_global_stock_level":"","_global_stock_mode":"","_global_stock_cap":"","_tribe_rsvp_for_event":"","_tribe_ticket_going_count":"","_tribe_ticket_not_going_count":"","_tribe_tickets_list":"[]","_tribe_ticket_has_attendee_info_fields":false,"footnotes":"","_tec_slr_enabled":"","_tec_slr_layout":""},"class_list":["post-4692","page","type-page","status-publish","hentry"],"ticketed":false,"_links":{"self":[{"href":"https:\/\/dataverse.lv\/en\/wp-json\/wp\/v2\/pages\/4692","targetHints":{"allow":["GET"]}}],"collection":[{"href":"https:\/\/dataverse.lv\/en\/wp-json\/wp\/v2\/pages"}],"about":[{"href":"https:\/\/dataverse.lv\/en\/wp-json\/wp\/v2\/types\/page"}],"author":[{"embeddable":true,"href":"https:\/\/dataverse.lv\/en\/wp-json\/wp\/v2\/users\/2"}],"replies":[{"embeddable":true,"href":"https:\/\/dataverse.lv\/en\/wp-json\/wp\/v2\/comments?post=4692"}],"version-history":[{"count":0,"href":"https:\/\/dataverse.lv\/en\/wp-json\/wp\/v2\/pages\/4692\/revisions"}],"wp:attachment":[{"href":"https:\/\/dataverse.lv\/en\/wp-json\/wp\/v2\/media?parent=4692"}],"curies":[{"name":"wp","href":"https:\/\/api.w.org\/{rel}","templated":true}]}}